{"id":86,"date":"2023-11-05T11:23:29","date_gmt":"2023-11-05T10:23:29","guid":{"rendered":"https:\/\/hn8qjfy89j.wordpress.com\/?page_id=86"},"modified":"2025-07-08T11:27:25","modified_gmt":"2025-07-08T09:27:25","slug":"lesprit-de-notre-catalogue","status":"publish","type":"page","link":"https:\/\/www.editionsmerlin.com\/index.php\/lesprit-de-notre-catalogue\/","title":{"rendered":"L&rsquo;esprit de notre catalogue"},"content":{"rendered":"\n<div class=\"wp-block-group alignwide has-global-padding is-layout-constrained wp-block-group-is-layout-constrained\" style=\"padding-top:var(--wp--preset--spacing--60);padding-bottom:var(--wp--preset--spacing--60)\">\n<p class=\"has-text-align-justify\">Nous souhaitons devenir des \u00e9diteurs g\u00e9n\u00e9ralistes, aussi \u00e0 l&rsquo;aise avec un beau-livre \u00e0 d\u00e9guster au coin du feu qu&rsquo;avec un essai qui \u00e9lectrise \u00e0 la pause caf\u00e9. Parce que nous aimons voir les nouvelles g\u00e9n\u00e9rations lire avec gourmandise, nous avons d\u00e9cid\u00e9 d&rsquo;entamer notre aventure par des livres illustr\u00e9s pour le plaisir des (grands) enfants. <\/p>\n\n\n\n<details class=\"wp-block-details animated bounceInLeft has-large-font-size is-layout-flow wp-block-details-is-layout-flow\"><summary>Beaux-livres<\/summary>\n<p class=\"has-text-align-justify has-small-font-size\">La collection <strong>B612<\/strong> se veut ax\u00e9e sur la photographie, les illustrations et les grands r\u00e9cits. Que ce soit un reportage en terre lointaine (comme au coin de la rue !) ou un recueil artistique, ces ouvrages porteront la vision humaniste du po\u00e8te aviateur Saint-\u00c9xupery : montrer les liens tiss\u00e9s tout autour de nous.<\/p>\n\n\n\n<p class=\"has-text-align-justify has-small-font-size\">La collection <strong>Plan s\u00e9quence<\/strong> met \u00e0 l&rsquo;honneur les travaux artistiques au long cours. Un ouvrage retra\u00e7ant les aventures et les cr\u00e9ations d&rsquo;un artiste. Notre vision de l&rsquo;\u00e9dition nous pousse, avec des partenariats de confiance, \u00e0 soutenir ceux qui \u00e9criront l&rsquo;art de demain.<\/p>\n<\/details>\n\n\n\n<details class=\"wp-block-details animated bounceInLeft has-large-font-size is-layout-flow wp-block-details-is-layout-flow\"><summary>Fictions<\/summary>\n<p class=\"has-text-align-justify has-small-font-size\">La litt\u00e9rature est une mani\u00e8re pour les \u00eatres humains de se jouer du temps, d&rsquo;\u00e9voquer un pass\u00e9 v\u00e9ridique ou fantasm\u00e9, un pr\u00e9sent qui se consomme toujours plus fr\u00e9n\u00e9tiquement et un futur qui inqui\u00e8te ou d\u00e9salt\u00e8re. Ce constat a guid\u00e9 les titres de nos collections :<\/p>\n\n\n\n<p class=\"has-text-align-justify has-small-font-size\">La collection <strong>Vol de nuit<\/strong> regroupe les r\u00e9cits de fantasy dans toutes les d\u00e9clinaisons possibles. Nous aspirons \u00e0 donner la voix \u00e0 des oeuvres originales, explorant des contr\u00e9es, plut\u00f4t gritty ou grimdark que heroic fantasy. Les \u0153uvres de science-fiction sont aussi de la partie ! Nous avons vocation \u00e0 faire connaitre au public des plumes fran\u00e7aises qui peinaient jusque-l\u00e0 \u00e0 sortir de l&rsquo;ombre du fait des pr\u00e9jug\u00e9s obsol\u00e8tes sur ce genre.<\/p>\n\n\n\n<p class=\"has-text-align-justify has-small-font-size\">La collection <strong>Long-courrier<\/strong> regroupe les romans, qu&rsquo;ils soient d&rsquo;aventures, auto-biographiques, historiques, contemporains, r\u00e9alistes ou myst\u00e9rieux. <\/p>\n<\/details>\n\n\n\n<details class=\"wp-block-details animated bounceInLeft has-large-font-size is-layout-flow wp-block-details-is-layout-flow\"><summary>Livres jeunesse<\/summary>\n<p class=\"has-text-align-justify has-small-font-size\">Nous pensons que les contes et autres histoires qui se lisent et se laissent admirer ne sont pas anecdotiques. Ce sont des ouvrages qui doivent plaire \u00e0 l&rsquo;enfant mais aussi aux parents. Premier \u00e9veil, lecture \u00e0 haute voix ou plaisir de manier un bel ouvrage et de se plonger dans des histoires captivantes, qu&rsquo;importe son ambition ! Puisant dans l&rsquo;imaginaire classique mais r\u00e9solument contemporains, nos histoires sont illustr\u00e9es avec soin pour la joie des amoureux de belles histoires, quel que soit leur \u00e2ge.<\/p>\n<\/details>\n\n\n\n<details class=\"wp-block-details animated bounceInLeft has-large-font-size is-layout-flow wp-block-details-is-layout-flow\"><summary>Numismatique<\/summary>\n<p class=\"has-text-align-justify has-small-font-size\">Des surprises sont \u00e0 venir d&rsquo;ici la fin de l&rsquo;ann\u00e9e.<\/p>\n<\/details>\n\n\n\n<details class=\"wp-block-details animated bounceInLeft has-large-font-size is-layout-flow wp-block-details-is-layout-flow\"><summary>Po\u00e9sies<\/summary>\n<p class=\"has-text-align-justify has-small-font-size\">Le regain d&rsquo;int\u00e9r\u00eat des nouvelles g\u00e9n\u00e9rations, pour cet art singulier, nous enthousiasme. Nous voulons mettre en avant des talents nouveaux qui portent un regard original sur leur quotidien. Les po\u00e8mes, \u00e0 travers des recueils soigneusement confectionn\u00e9s, en disent toujours beaucoup plus qu&rsquo;on ne le croit sur nous-m\u00eame.<\/p>\n<\/details>\n\n\n\n<details class=\"wp-block-details animated bounceInLeft has-large-font-size is-layout-flow wp-block-details-is-layout-flow\"><summary>Romans Graphiques<\/summary>\n<p class=\"has-text-align-justify has-small-font-size\">Pour donner de la voie \u00e0 des talents qui n\u2019entrent pas dans les crit\u00e8res de la bande-dessin\u00e9e classique, nous voulons proposer des oeuvres qui se distinguent par leur apport graphique et la possibilit\u00e9 offerte d\u2019un grand nombres de pages. Notre exigence, dans la qualit\u00e9 des dessins et du sc\u00e9nario, sera l&rsquo;assurance pour le lecteur d&rsquo;une tr\u00e8s belle exp\u00e9rience de lecture.<\/p>\n<\/details>\n\n\n\n<details class=\"wp-block-details animated bounceInLeft has-large-font-size is-layout-flow wp-block-details-is-layout-flow\"><summary>Universit\u00e9<\/summary>\n<p class=\"has-text-align-justify has-small-font-size\">Nous sommes le partenaire naturel des universit\u00e9s et nous leur proposons notre savoir-faire local et durable pour r\u00e9pondre au mieux \u00e0 leurs besoins sp\u00e9cifiques. La collection s&rsquo;adresse aussi bien aux sp\u00e9cialistes qu&rsquo;aux profanes. Servant de pont entre le monde de la recherche et le grand public, cette collection ambitionne d&rsquo;enrichir le d\u00e9bat public avec des id\u00e9es rigoureuses et accessibles.<\/p>\n<\/details>\n<\/div>\n\n\n\n<p><\/p>\n","protected":false},"excerpt":{"rendered":"<p>Nous souhaitons devenir des \u00e9diteurs g\u00e9n\u00e9ralistes, aussi \u00e0 l&rsquo;aise avec un beau-livre \u00e0 d\u00e9guster au coin du feu qu&rsquo;avec un essai qui \u00e9lectrise \u00e0 la pause caf\u00e9. Parce que nous aimons voir les nouvelles g\u00e9n\u00e9rations lire avec gourmandise, nous avons d\u00e9cid\u00e9 d&rsquo;entamer notre aventure par des livres illustr\u00e9s pour le plaisir des (grands) enfants.<\/p>\n","protected":false},"author":1,"featured_media":43,"parent":0,"menu_order":0,"comment_status":"closed","ping_status":"closed","template":"","meta":{"_editorskit_title_hidden":false,"_editorskit_reading_time":0,"_editorskit_is_block_options_detached":false,"_editorskit_block_options_position":"{}","footnotes":""},"class_list":["post-86","page","type-page","status-publish","has-post-thumbnail","hentry"],"jetpack_sharing_enabled":true,"_links":{"self":[{"href":"https:\/\/www.editionsmerlin.com\/index.php\/wp-json\/wp\/v2\/pages\/86","targetHints":{"allow":["GET"]}}],"collection":[{"href":"https:\/\/www.editionsmerlin.com\/index.php\/wp-json\/wp\/v2\/pages"}],"about":[{"href":"https:\/\/www.editionsmerlin.com\/index.php\/wp-json\/wp\/v2\/types\/page"}],"author":[{"embeddable":true,"href":"https:\/\/www.editionsmerlin.com\/index.php\/wp-json\/wp\/v2\/users\/1"}],"replies":[{"embeddable":true,"href":"https:\/\/www.editionsmerlin.com\/index.php\/wp-json\/wp\/v2\/comments?post=86"}],"version-history":[{"count":13,"href":"https:\/\/www.editionsmerlin.com\/index.php\/wp-json\/wp\/v2\/pages\/86\/revisions"}],"predecessor-version":[{"id":772,"href":"https:\/\/www.editionsmerlin.com\/index.php\/wp-json\/wp\/v2\/pages\/86\/revisions\/772"}],"wp:featuredmedia":[{"embeddable":true,"href":"https:\/\/www.editionsmerlin.com\/index.php\/wp-json\/wp\/v2\/media\/43"}],"wp:attachment":[{"href":"https:\/\/www.editionsmerlin.com\/index.php\/wp-json\/wp\/v2\/media?parent=86"}],"curies":[{"name":"wp","href":"https:\/\/api.w.org\/{rel}","templated":true}]}}