{"id":70,"date":"2023-11-05T11:23:50","date_gmt":"2023-11-05T10:23:50","guid":{"rendered":"https:\/\/hn8qjfy89j.wordpress.com\/?page_id=70"},"modified":"2025-06-25T13:11:28","modified_gmt":"2025-06-25T11:11:28","slug":"contact","status":"publish","type":"page","link":"https:\/\/www.editionsmerlin.com\/index.php\/contact\/","title":{"rendered":"Contact"},"content":{"rendered":"\n<div style=\"height:15px\" aria-hidden=\"true\" class=\"wp-block-spacer\"><\/div>\n\n\n\n<div class=\"wp-block-columns is-layout-flex wp-container-core-columns-is-layout-28f84493 wp-block-columns-is-layout-flex\">\n<div class=\"wp-block-column is-layout-flow wp-block-column-is-layout-flow\" style=\"flex-basis:33.33%\">\n<h2 class=\"wp-block-heading\">Envoi de projet<\/h2>\n\n\n\n<p class=\"has-text-align-justify\" style=\"font-size:0.7rem\"><em>Nous acceptons d&rsquo;\u00e9tudier les projets au stade d&rsquo;\u00e9bauche pour les livres illustr\u00e9s et les romans graphiques.<\/em> <em>Tentez votre chance<\/em>.<\/p>\n<\/div>\n\n\n\n<div class=\"wp-block-column is-layout-flow wp-block-column-is-layout-flow\" style=\"flex-basis:66.66%\">\n<p class=\"has-text-align-justify\">Remplissez le formulaire sur la page d\u00e9di\u00e9e : <\/p>\n\n\n\n<div class=\"wp-block-buttons is-content-justification-center is-layout-flex wp-container-core-buttons-is-layout-a89b3969 wp-block-buttons-is-layout-flex\">\n<div class=\"wp-block-button animated backInRight\"><a class=\"wp-block-button__link wp-element-button\" href=\"https:\/\/www.editionsmerlin.com\/index.php\/soumission-dun-projet\/\" target=\"_blank\" rel=\"noreferrer noopener\">Soumission<\/a><\/div>\n<\/div>\n<\/div>\n<\/div>\n\n\n\n<hr class=\"wp-block-separator has-alpha-channel-opacity\"\/>\n\n\n\n<div class=\"wp-block-columns is-layout-flex wp-container-core-columns-is-layout-28f84493 wp-block-columns-is-layout-flex\">\n<div class=\"wp-block-column is-layout-flow wp-block-column-is-layout-flow\" style=\"flex-basis:33.33%\">\n<h2 class=\"wp-block-heading\">Universit\u00e9<\/h2>\n<\/div>\n\n\n\n<div class=\"wp-block-column is-layout-flow wp-block-column-is-layout-flow\" style=\"flex-basis:66.66%\">\n<p>Vous \u00eates enseignant-chercheur et vous souhaitez diffuser un travail acad\u00e9mique, qu&rsquo;il soit personnel ou collectif, contactez-nous via la page d\u00e9di\u00e9e :<\/p>\n\n\n\n<div class=\"wp-block-buttons is-content-justification-center is-layout-flex wp-container-core-buttons-is-layout-a89b3969 wp-block-buttons-is-layout-flex\">\n<div class=\"wp-block-button\"><a class=\"wp-block-button__link has-text-align-center wp-element-button\" href=\"https:\/\/www.editionsmerlin.com\/index.php\/devis-universitaires\/\">Demande universitaire<\/a><\/div>\n<\/div>\n<\/div>\n<\/div>\n\n\n\n<hr class=\"wp-block-separator has-alpha-channel-opacity\"\/>\n\n\n\n<div class=\"wp-block-columns is-layout-flex wp-container-core-columns-is-layout-28f84493 wp-block-columns-is-layout-flex\">\n<div class=\"wp-block-column is-layout-flow wp-block-column-is-layout-flow\" style=\"flex-basis:33.33%\">\n<h2 class=\"wp-block-heading\">B2B<\/h2>\n<\/div>\n\n\n\n<div class=\"wp-block-column is-layout-flow wp-block-column-is-layout-flow\" style=\"flex-basis:66.66%\">\n<p class=\"has-text-align-justify\">Vous \u00eates une institution culturelle, associative ou une entreprise et vous cherchez \u00e0 faire \u00e9diter des catalogues d&rsquo;exposition, des revues ou de la documentation, remplissez le formulaire suivant :<\/p>\n\n\n\n<div class=\"wp-block-buttons is-content-justification-center is-layout-flex wp-container-core-buttons-is-layout-a89b3969 wp-block-buttons-is-layout-flex\">\n<div class=\"wp-block-button animated backInRight\"><a class=\"wp-block-button__link wp-element-button\" href=\"https:\/\/www.editionsmerlin.com\/index.php\/demande-de-devis\/\" target=\"_blank\" rel=\"noreferrer noopener\">Demande de devis<\/a><\/div>\n<\/div>\n<\/div>\n<\/div>\n\n\n\n<hr class=\"wp-block-separator has-alpha-channel-opacity\"\/>\n\n\n\n<div class=\"wp-block-columns is-layout-flex wp-container-core-columns-is-layout-28f84493 wp-block-columns-is-layout-flex\">\n<div class=\"wp-block-column is-layout-flow wp-block-column-is-layout-flow\" style=\"flex-basis:33.33%\">\n<h2 class=\"wp-block-heading\">Presse et relations m\u00e9dias<\/h2>\n<\/div>\n\n\n\n<div class=\"wp-block-column is-layout-flow wp-block-column-is-layout-flow\" style=\"flex-basis:66.66%\">\n<p class=\"has-text-align-justify\">Vous \u00eates journaliste et vous souhaitez nous contacter \u00e0 propos de notre maison, de nos auteurs ou de nos projets, \u00e9crivez-nous \u00e0 l&rsquo;adresse suivante :<\/p>\n\n\n\n<p class=\"animated zoomIn\">medias@editionsmerlin.com<\/p>\n<\/div>\n<\/div>\n\n\n\n<hr class=\"wp-block-separator has-alpha-channel-opacity\"\/>\n\n\n\n<p><\/p>\n","protected":false},"excerpt":{"rendered":"<p>Envoi de projet Nous acceptons d&rsquo;\u00e9tudier les projets au stade d&rsquo;\u00e9bauche pour les livres illustr\u00e9s et les romans graphiques. Tentez votre chance. Remplissez le formulaire sur la page d\u00e9di\u00e9e : Universit\u00e9 Vous \u00eates enseignant-chercheur et vous souhaitez diffuser un travail acad\u00e9mique, qu&rsquo;il soit personnel ou collectif, contactez-nous via la page d\u00e9di\u00e9e : B2B Vous \u00eates [&hellip;]<\/p>\n","protected":false},"author":1,"featured_media":172,"parent":0,"menu_order":0,"comment_status":"closed","ping_status":"closed","template":"","meta":{"_editorskit_title_hidden":false,"_editorskit_reading_time":0,"_editorskit_is_block_options_detached":false,"_editorskit_block_options_position":"{}","footnotes":""},"class_list":["post-70","page","type-page","status-publish","has-post-thumbnail","hentry"],"jetpack_sharing_enabled":true,"_links":{"self":[{"href":"https:\/\/www.editionsmerlin.com\/index.php\/wp-json\/wp\/v2\/pages\/70","targetHints":{"allow":["GET"]}}],"collection":[{"href":"https:\/\/www.editionsmerlin.com\/index.php\/wp-json\/wp\/v2\/pages"}],"about":[{"href":"https:\/\/www.editionsmerlin.com\/index.php\/wp-json\/wp\/v2\/types\/page"}],"author":[{"embeddable":true,"href":"https:\/\/www.editionsmerlin.com\/index.php\/wp-json\/wp\/v2\/users\/1"}],"replies":[{"embeddable":true,"href":"https:\/\/www.editionsmerlin.com\/index.php\/wp-json\/wp\/v2\/comments?post=70"}],"version-history":[{"count":17,"href":"https:\/\/www.editionsmerlin.com\/index.php\/wp-json\/wp\/v2\/pages\/70\/revisions"}],"predecessor-version":[{"id":756,"href":"https:\/\/www.editionsmerlin.com\/index.php\/wp-json\/wp\/v2\/pages\/70\/revisions\/756"}],"wp:featuredmedia":[{"embeddable":true,"href":"https:\/\/www.editionsmerlin.com\/index.php\/wp-json\/wp\/v2\/media\/172"}],"wp:attachment":[{"href":"https:\/\/www.editionsmerlin.com\/index.php\/wp-json\/wp\/v2\/media?parent=70"}],"curies":[{"name":"wp","href":"https:\/\/api.w.org\/{rel}","templated":true}]}}