{"id":660,"date":"2024-09-22T11:08:55","date_gmt":"2024-09-22T09:08:55","guid":{"rendered":"https:\/\/www.editionsmerlin.com\/?page_id=660"},"modified":"2024-10-23T16:48:55","modified_gmt":"2024-10-23T14:48:55","slug":"votre-partenaire-naturel","status":"publish","type":"page","link":"https:\/\/www.editionsmerlin.com\/index.php\/votre-partenaire-naturel\/","title":{"rendered":"Votre partenaire naturel"},"content":{"rendered":"\n<p>En tant qu\u2019universitaires, vous avez un r\u00f4le crucial dans la transformation de la soci\u00e9t\u00e9, en formant les citoyens de demain. C\u2019est dans cette optique que notre maison d\u2019\u00e9dition, \u00e9cologiquement et socialement responsable, vous propose un partenariat en parfaite ad\u00e9quation avec vos valeurs et ambitions. Ensemble, faisons v\u00e9ritablement entrer la publication de la recherche dans le XXI\u1d49 si\u00e8cle !<\/p>\n\n\n\n<div class=\"wp-block-buttons is-content-justification-center is-layout-flex wp-container-core-buttons-is-layout-a89b3969 wp-block-buttons-is-layout-flex\">\n<div class=\"wp-block-button has-mobile-text-align-center\"><a class=\"wp-block-button__link wp-element-button\" href=\"https:\/\/www.editionsmerlin.com\/index.php\/devis-universitaires\/\">Cliquez-ici pour nous faire part de votre projet<\/a><\/div>\n<\/div>\n\n\n\n<h3 class=\"wp-block-heading\">1.&nbsp;<strong>Adaptabilit\u00e9 et r\u00e9activit\u00e9 : un partenariat sur mesure<\/strong><\/h3>\n\n\n\n<p>Nous connaissons les <strong>besoins sp\u00e9cifiques<\/strong> des universitaires, \u00e9tant nous-m\u00eames issus de ce milieu. Nous savons qu\u2019une publication scientifique n\u00e9cessite parfois des ajustements de derni\u00e8re minute ou une <strong>r\u00e9activit\u00e9<\/strong> accrue. Notre \u00e9quipe est \u00e0 l&rsquo;\u00e9coute et s&rsquo;adapte \u00e0 vos demandes avec une <strong>flexibilit\u00e9<\/strong> qui fait souvent d\u00e9faut dans le monde de l\u2019\u00e9dition. Nous travaillons main dans la main avec vous pour vous offrir une exp\u00e9rience de <strong>publication fluide<\/strong>, sans complications administratives inutiles. Avec notre <em>pack libert\u00e9<\/em>, aucune mauvaise surprise car <strong>tout est inclus<\/strong>. C&rsquo;est une offre cl\u00e9 en main, sp\u00e9cialement \u00e9labor\u00e9e pour vous.<\/p>\n\n\n\n<figure class=\"wp-block-image size-large\"><img loading=\"lazy\" decoding=\"async\" width=\"1024\" height=\"768\" src=\"https:\/\/www.editionsmerlin.com\/wp-content\/uploads\/2024\/10\/packliberte-1024x768.png\" alt=\"\" class=\"wp-image-709\" srcset=\"https:\/\/www.editionsmerlin.com\/wp-content\/uploads\/2024\/10\/packliberte-1024x768.png 1024w, https:\/\/www.editionsmerlin.com\/wp-content\/uploads\/2024\/10\/packliberte-600x450.png 600w, https:\/\/www.editionsmerlin.com\/wp-content\/uploads\/2024\/10\/packliberte-300x225.png 300w, https:\/\/www.editionsmerlin.com\/wp-content\/uploads\/2024\/10\/packliberte-768x576.png 768w, https:\/\/www.editionsmerlin.com\/wp-content\/uploads\/2024\/10\/packliberte-1536x1152.png 1536w, https:\/\/www.editionsmerlin.com\/wp-content\/uploads\/2024\/10\/packliberte-2048x1536.png 2048w, https:\/\/www.editionsmerlin.com\/wp-content\/uploads\/2024\/10\/packliberte-1320x990.png 1320w\" sizes=\"auto, (max-width: 1024px) 100vw, 1024px\" \/><\/figure>\n\n\n\n<h3 class=\"wp-block-heading\">2.&nbsp;<strong>Suivi CO2 : transparence et responsabilit\u00e9 environnementale<\/strong><\/h3>\n\n\n\n<p>Nous sommes la seule maison d\u2019\u00e9dition \u00e0 proposer, pour chaque livre universitaire produit, un<strong> suivi CO2<\/strong>. Vous pouvez ainsi conna\u00eetre avec pr\u00e9cision l\u2019impact environnemental de vos publications. Nous sommes donc votre <strong>partenaire naturel <\/strong>en nous inscrivant pleinement dans la logique du label D\u00e9veloppement Durable et Responsabilit\u00e9 Soci\u00e9tale (<strong>DD&amp;RS<\/strong>) qui garantit l&rsquo;engagement des universit\u00e9s et des instituts de recherches dans la <strong>transition \u00e9cologique<\/strong>.<\/p>\n\n\n\n<h3 class=\"wp-block-heading\">3.&nbsp;<strong>Une production 100% fran\u00e7aise et accessible<\/strong><\/h3>\n\n\n\n<p>Notre production est enti\u00e8rement r\u00e9alis\u00e9e en France, ce qui contribue non seulement \u00e0 la <strong>vitalit\u00e9 de l\u2019\u00e9conomie locale<\/strong>, mais aussi \u00e0 la<strong> <\/strong>r\u00e9duction des \u00e9missions li\u00e9es aux transports. Nous offrons des tarifs extr\u00eamement comp\u00e9titifs, tout en garantissant une <strong>production durable<\/strong>. Cela permet de rendre vos travaux de recherche et publications accessibles sans compromettre vos <strong>valeurs \u00e9cologiques<\/strong>. Le savoir doit \u00eatre partag\u00e9, avec nous, il l\u2019est de mani\u00e8re responsable.<\/p>\n\n\n\n<h3 class=\"wp-block-heading\">4.&nbsp;<strong>Un engagement \u00e9thique : membre du collectif \u00ab\u00a01% pour la plan\u00e8te\u00a0\u00bb<\/strong><\/h3>\n\n\n\n<p>Nous faisons partie du collectif \u00ab\u00a01% pour la plan\u00e8te\u00a0\u00bb, ce qui signifie que nous donnons <strong>1% de notre chiffre d&rsquo;affaires<\/strong> annuel \u00e0 des organisations qui \u0153uvrent pour la pr\u00e9servation de l&rsquo;environnement. Pour vous, cela signifie que chaque publication issue de notre maison d\u2019\u00e9dition contribue activement \u00e0 des <strong>actions concr\u00e8tes pour la plan\u00e8te<\/strong>. En collaborant avec nous, vous avez l&rsquo;opportunit\u00e9 de montrer par l&rsquo;exemple comment les pratiques \u00e9ditoriales peuvent s\u2019aligner avec les objectifs de durabilit\u00e9.<\/p>\n\n\n\n<div class=\"wp-block-buttons is-content-justification-center is-layout-flex wp-container-core-buttons-is-layout-a89b3969 wp-block-buttons-is-layout-flex\">\n<div class=\"wp-block-button has-mobile-text-align-center\"><a class=\"wp-block-button__link wp-element-button\" href=\"https:\/\/www.editionsmerlin.com\/index.php\/devis-universitaires\/\">Cliquez-ici pour nous faire part de votre projet<\/a><\/div>\n<\/div>\n","protected":false},"excerpt":{"rendered":"<p>En tant qu\u2019universitaires, vous avez un r\u00f4le crucial dans la transformation de la soci\u00e9t\u00e9, en formant les citoyens de demain. C\u2019est dans cette optique que notre maison d\u2019\u00e9dition, \u00e9cologiquement et socialement responsable, vous propose un partenariat en parfaite ad\u00e9quation avec vos valeurs et ambitions. Ensemble, faisons v\u00e9ritablement entrer la publication de la recherche dans le [&hellip;]<\/p>\n","protected":false},"author":1,"featured_media":0,"parent":0,"menu_order":0,"comment_status":"closed","ping_status":"closed","template":"","meta":{"_editorskit_title_hidden":false,"_editorskit_reading_time":0,"_editorskit_is_block_options_detached":false,"_editorskit_block_options_position":"{}","footnotes":""},"class_list":["post-660","page","type-page","status-publish","hentry"],"jetpack_sharing_enabled":true,"_links":{"self":[{"href":"https:\/\/www.editionsmerlin.com\/index.php\/wp-json\/wp\/v2\/pages\/660","targetHints":{"allow":["GET"]}}],"collection":[{"href":"https:\/\/www.editionsmerlin.com\/index.php\/wp-json\/wp\/v2\/pages"}],"about":[{"href":"https:\/\/www.editionsmerlin.com\/index.php\/wp-json\/wp\/v2\/types\/page"}],"author":[{"embeddable":true,"href":"https:\/\/www.editionsmerlin.com\/index.php\/wp-json\/wp\/v2\/users\/1"}],"replies":[{"embeddable":true,"href":"https:\/\/www.editionsmerlin.com\/index.php\/wp-json\/wp\/v2\/comments?post=660"}],"version-history":[{"count":11,"href":"https:\/\/www.editionsmerlin.com\/index.php\/wp-json\/wp\/v2\/pages\/660\/revisions"}],"predecessor-version":[{"id":716,"href":"https:\/\/www.editionsmerlin.com\/index.php\/wp-json\/wp\/v2\/pages\/660\/revisions\/716"}],"wp:attachment":[{"href":"https:\/\/www.editionsmerlin.com\/index.php\/wp-json\/wp\/v2\/media?parent=660"}],"curies":[{"name":"wp","href":"https:\/\/api.w.org\/{rel}","templated":true}]}}