{"id":50,"date":"2023-11-05T11:23:19","date_gmt":"2023-11-05T10:23:19","guid":{"rendered":"https:\/\/hn8qjfy89j.wordpress.com\/?page_id=50"},"modified":"2024-02-06T11:41:44","modified_gmt":"2024-02-06T10:41:44","slug":"une-societe-universelle","status":"publish","type":"page","link":"https:\/\/www.editionsmerlin.com\/index.php\/une-societe-universelle\/","title":{"rendered":"Une soci\u00e9t\u00e9 universelle"},"content":{"rendered":"\n<div class=\"wp-block-columns is-layout-flex wp-container-core-columns-is-layout-28f84493 wp-block-columns-is-layout-flex\">\n<div class=\"wp-block-column is-layout-flow wp-block-column-is-layout-flow\">\n<h2 class=\"wp-block-heading\">Notre culture est plurielle<\/h2>\n\n\n\n<p>Nous mettons peu \u00e0 peu en lumi\u00e8re des oeuvres qui refl\u00e8tent la diversit\u00e9 de notre monde en collaborant avec des artistes talentueux de la francophonie et d&rsquo;ailleurs. Chez nous, qui que vous soyez, <strong>vous serez toujours les bienvenus <\/strong>et nous avons \u00e0 coeur de travailler avec des personnes de confiance dans la tol\u00e9rance et la bienveillance.<\/p>\n<\/div>\n\n\n\n<div class=\"wp-block-column is-layout-flow wp-block-column-is-layout-flow\">\n<h2 class=\"wp-block-heading\">L&rsquo;\u00e9galit\u00e9 salariale comme \u00e9vidence<\/h2>\n\n\n\n<p>Nous ne comprenons pas comment des diff\u00e9rences de traitement peuvent exister. C&rsquo;est pourquoi nous nous sommes engag\u00e9s, d\u00e8s la fondation de l&rsquo;entreprise, \u00e0 mettre en place une politique d&rsquo;\u00e9galit\u00e9 salariale pour garantir que les futurs employ\u00e9s, quel que soit leur genre, re\u00e7oivent <strong>une r\u00e9mun\u00e9ration \u00e9quitable<\/strong> pour un travail \u00e9quivalent.<\/p>\n<\/div>\n<\/div>\n\n\n\n<div class=\"wp-block-columns is-layout-flex wp-container-core-columns-is-layout-28f84493 wp-block-columns-is-layout-flex\">\n<div class=\"wp-block-column is-layout-flow wp-block-column-is-layout-flow\">\n<h2 class=\"wp-block-heading\">Un engagement local<\/h2>\n\n\n\n<p class=\"has-medium-font-size\">Nous avons \u00e0 coeur de nous engager dans des initiatives locales, des partenariats et des activit\u00e9s pour <strong>promouvoir le livre  en tant qu&rsquo;objet et produit artistique \u00e0 haute valeur sociale<\/strong>. De mani\u00e8re plus globale, nous cherchons \u00e0 faire rayonner l&rsquo;art, \u00e0 d\u00e9mocratiser sa diffusion et \u00e0 d\u00e9mythifier les classiques. Parce que l&rsquo;art, c&rsquo;est avant tout du partage !<\/p>\n<\/div>\n\n\n\n<div class=\"wp-block-column is-layout-flow wp-block-column-is-layout-flow\">\n<h2 class=\"wp-block-heading\">Une assurance qui a du sens<\/h2>\n\n\n\n<p class=\"has-medium-font-size\">Tout comme le syst\u00e8me bancaire, le domaine de l&rsquo;assurance reste bien trop souvent opaque o\u00f9 les int\u00e9r\u00eats financiers pr\u00e9dominent. Nous avons donc choisi la <a href=\"https:\/\/entreprise.maif.fr\/entreprise\/maif-modele-singulier\">MAIF<\/a> pour son <strong>mod\u00e8le mutualiste<\/strong>. Il n&rsquo;y a pas d&rsquo;actionnaires mais des soci\u00e9taires. C&rsquo;est peut-\u00eatre un d\u00e9tail pour vous mais pour nous \u00e7a veut dire beaucoup !<\/p>\n<\/div>\n<\/div>\n\n\n\n<div style=\"height:100px\" aria-hidden=\"true\" class=\"wp-block-spacer\"><\/div>\n","protected":false},"excerpt":{"rendered":"<p>Notre culture est plurielle Nous mettons peu \u00e0 peu en lumi\u00e8re des oeuvres qui refl\u00e8tent la diversit\u00e9 de notre monde en collaborant avec des artistes talentueux de la francophonie et d&rsquo;ailleurs. Chez nous, qui que vous soyez, vous serez toujours les bienvenus et nous avons \u00e0 coeur de travailler avec des personnes de confiance dans [&hellip;]<\/p>\n","protected":false},"author":1,"featured_media":52,"parent":0,"menu_order":0,"comment_status":"closed","ping_status":"closed","template":"","meta":{"_editorskit_title_hidden":false,"_editorskit_reading_time":0,"_editorskit_is_block_options_detached":false,"_editorskit_block_options_position":"{}","footnotes":""},"class_list":["post-50","page","type-page","status-publish","has-post-thumbnail","hentry"],"jetpack_sharing_enabled":true,"_links":{"self":[{"href":"https:\/\/www.editionsmerlin.com\/index.php\/wp-json\/wp\/v2\/pages\/50","targetHints":{"allow":["GET"]}}],"collection":[{"href":"https:\/\/www.editionsmerlin.com\/index.php\/wp-json\/wp\/v2\/pages"}],"about":[{"href":"https:\/\/www.editionsmerlin.com\/index.php\/wp-json\/wp\/v2\/types\/page"}],"author":[{"embeddable":true,"href":"https:\/\/www.editionsmerlin.com\/index.php\/wp-json\/wp\/v2\/users\/1"}],"replies":[{"embeddable":true,"href":"https:\/\/www.editionsmerlin.com\/index.php\/wp-json\/wp\/v2\/comments?post=50"}],"version-history":[{"count":1,"href":"https:\/\/www.editionsmerlin.com\/index.php\/wp-json\/wp\/v2\/pages\/50\/revisions"}],"predecessor-version":[{"id":363,"href":"https:\/\/www.editionsmerlin.com\/index.php\/wp-json\/wp\/v2\/pages\/50\/revisions\/363"}],"wp:featuredmedia":[{"embeddable":true,"href":"https:\/\/www.editionsmerlin.com\/index.php\/wp-json\/wp\/v2\/media\/52"}],"wp:attachment":[{"href":"https:\/\/www.editionsmerlin.com\/index.php\/wp-json\/wp\/v2\/media?parent=50"}],"curies":[{"name":"wp","href":"https:\/\/api.w.org\/{rel}","templated":true}]}}