{"id":441,"date":"2024-02-08T18:53:15","date_gmt":"2024-02-08T17:53:15","guid":{"rendered":"https:\/\/www.editionsmerlin.com\/?page_id=441"},"modified":"2024-09-22T12:20:08","modified_gmt":"2024-09-22T10:20:08","slug":"demande-de-devis","status":"publish","type":"page","link":"https:\/\/www.editionsmerlin.com\/index.php\/demande-de-devis\/","title":{"rendered":"Demande de devis"},"content":{"rendered":"\n<p class=\"has-text-align-justify\">Vous pouvez remplir ce formulaire en pr\u00e9cisant l&rsquo;id\u00e9e g\u00e9n\u00e9rale de votre demande. Nous vous recontacterons dans les plus brefs d\u00e9lais pour cibler vos attentes et vous faire les propositions les plus ad\u00e9quates en fonction de vos envies et de votre budget.<\/p>\n\n\n\n<p>Vous pouvez \u00e9galement nous contacter au <strong>01 87 66 64 63<\/strong>.<\/p>\n\n\n\n<div class=\"wp-block-contact-form-7-contact-form-selector\">\n<div class=\"wpcf7 no-js\" id=\"wpcf7-f409-o1\" lang=\"fr-FR\" dir=\"ltr\" data-wpcf7-id=\"409\">\n<div class=\"screen-reader-response\"><p role=\"status\" aria-live=\"polite\" aria-atomic=\"true\"><\/p> <ul><\/ul><\/div>\n<form action=\"\/index.php\/wp-json\/wp\/v2\/pages\/441#wpcf7-f409-o1\" method=\"post\" class=\"wpcf7-form init\" aria-label=\"Formulaire de contact\" novalidate=\"novalidate\" data-status=\"init\">\n<fieldset class=\"hidden-fields-container\"><input type=\"hidden\" name=\"_wpcf7\" value=\"409\" \/><input type=\"hidden\" name=\"_wpcf7_version\" value=\"6.1.5\" \/><input type=\"hidden\" name=\"_wpcf7_locale\" value=\"fr_FR\" \/><input type=\"hidden\" name=\"_wpcf7_unit_tag\" value=\"wpcf7-f409-o1\" \/><input type=\"hidden\" name=\"_wpcf7_container_post\" value=\"0\" \/><input type=\"hidden\" name=\"_wpcf7_posted_data_hash\" value=\"\" \/>\n<\/fieldset>\n<p><label> Votre nom<br \/>\n<span class=\"wpcf7-form-control-wrap\" data-name=\"your-name\"><input size=\"40\" maxlength=\"400\" class=\"wpcf7-form-control wpcf7-text wpcf7-validates-as-required\" autocomplete=\"name\" aria-required=\"true\" aria-invalid=\"false\" value=\"\" type=\"text\" name=\"your-name\" \/><\/span> <\/label>\n<\/p>\n<p><label> Votre t\u00e9l\u00e9phone<br \/>\n<span class=\"wpcf7-form-control-wrap\" data-name=\"Votretelephone\"><input size=\"40\" maxlength=\"400\" class=\"wpcf7-form-control wpcf7-tel wpcf7-validates-as-required wpcf7-text wpcf7-validates-as-tel\" aria-required=\"true\" aria-invalid=\"false\" value=\"\" type=\"tel\" name=\"Votretelephone\" \/><\/span> <\/label>\n<\/p>\n<p><label> Nom institutionnel, associatif ou raison sociale<br \/>\n<span class=\"wpcf7-form-control-wrap\" data-name=\"raison-sociale\"><input size=\"40\" maxlength=\"400\" class=\"wpcf7-form-control wpcf7-text wpcf7-validates-as-required\" aria-required=\"true\" aria-invalid=\"false\" value=\"\" type=\"text\" name=\"raison-sociale\" \/><\/span> <\/label>\n<\/p>\n<p><label> Votre e-mail<br \/>\n<span class=\"wpcf7-form-control-wrap\" data-name=\"your-email\"><input size=\"40\" maxlength=\"400\" class=\"wpcf7-form-control wpcf7-email wpcf7-validates-as-required wpcf7-text wpcf7-validates-as-email\" autocomplete=\"email\" aria-required=\"true\" aria-invalid=\"false\" value=\"\" type=\"email\" name=\"your-email\" \/><\/span> <\/label>\n<\/p>\n<p><label> Objet<br \/>\n<span class=\"wpcf7-form-control-wrap\" data-name=\"objet\"><input size=\"40\" maxlength=\"400\" class=\"wpcf7-form-control wpcf7-text wpcf7-validates-as-required\" aria-required=\"true\" aria-invalid=\"false\" value=\"\" type=\"text\" name=\"objet\" \/><\/span> <\/label>\n<\/p>\n<p><label> Votre message d\u00e9taillant votre projet<br \/>\n<span class=\"wpcf7-form-control-wrap\" data-name=\"your-message\"><textarea cols=\"40\" rows=\"10\" maxlength=\"2000\" class=\"wpcf7-form-control wpcf7-textarea wpcf7-validates-as-required\" aria-required=\"true\" aria-invalid=\"false\" name=\"your-message\"><\/textarea><\/span> <\/label>\n<\/p>\n<p><input class=\"wpcf7-form-control wpcf7-submit has-spinner\" type=\"submit\" value=\"Envoyer\" \/>\n<\/p><div class=\"wpcf7-response-output\" aria-hidden=\"true\"><\/div>\n<\/form>\n<\/div>\n<\/div>\n","protected":false},"excerpt":{"rendered":"<p>Vous pouvez remplir ce formulaire en pr\u00e9cisant l&rsquo;id\u00e9e g\u00e9n\u00e9rale de votre demande. Nous vous recontacterons dans les plus brefs d\u00e9lais pour cibler vos attentes et vous faire les propositions les plus ad\u00e9quates en fonction de vos envies et de votre budget. Vous pouvez \u00e9galement nous contacter au 01 87 66 64 63.<\/p>\n","protected":false},"author":1,"featured_media":443,"parent":0,"menu_order":0,"comment_status":"closed","ping_status":"closed","template":"","meta":{"_editorskit_title_hidden":false,"_editorskit_reading_time":0,"_editorskit_is_block_options_detached":false,"_editorskit_block_options_position":"{}","footnotes":""},"class_list":["post-441","page","type-page","status-publish","has-post-thumbnail","hentry"],"jetpack_sharing_enabled":true,"_links":{"self":[{"href":"https:\/\/www.editionsmerlin.com\/index.php\/wp-json\/wp\/v2\/pages\/441","targetHints":{"allow":["GET"]}}],"collection":[{"href":"https:\/\/www.editionsmerlin.com\/index.php\/wp-json\/wp\/v2\/pages"}],"about":[{"href":"https:\/\/www.editionsmerlin.com\/index.php\/wp-json\/wp\/v2\/types\/page"}],"author":[{"embeddable":true,"href":"https:\/\/www.editionsmerlin.com\/index.php\/wp-json\/wp\/v2\/users\/1"}],"replies":[{"embeddable":true,"href":"https:\/\/www.editionsmerlin.com\/index.php\/wp-json\/wp\/v2\/comments?post=441"}],"version-history":[{"count":2,"href":"https:\/\/www.editionsmerlin.com\/index.php\/wp-json\/wp\/v2\/pages\/441\/revisions"}],"predecessor-version":[{"id":688,"href":"https:\/\/www.editionsmerlin.com\/index.php\/wp-json\/wp\/v2\/pages\/441\/revisions\/688"}],"wp:featuredmedia":[{"embeddable":true,"href":"https:\/\/www.editionsmerlin.com\/index.php\/wp-json\/wp\/v2\/media\/443"}],"wp:attachment":[{"href":"https:\/\/www.editionsmerlin.com\/index.php\/wp-json\/wp\/v2\/media?parent=441"}],"curies":[{"name":"wp","href":"https:\/\/api.w.org\/{rel}","templated":true}]}}