{"id":42,"date":"2023-11-05T11:23:15","date_gmt":"2023-11-05T10:23:15","guid":{"rendered":"https:\/\/hn8qjfy89j.wordpress.com\/?page_id=42"},"modified":"2026-02-04T23:33:52","modified_gmt":"2026-02-04T22:33:52","slug":"une-societe-responsable","status":"publish","type":"page","link":"https:\/\/www.editionsmerlin.com\/index.php\/une-societe-responsable\/","title":{"rendered":"Une soci\u00e9t\u00e9 responsable"},"content":{"rendered":"\n<div class=\"wp-block-columns is-layout-flex wp-container-core-columns-is-layout-28f84493 wp-block-columns-is-layout-flex\">\n<div class=\"wp-block-column is-layout-flow wp-block-column-is-layout-flow\">\n<h2 class=\"wp-block-heading\">Une relation \u00e9thique<\/h2>\n\n\n\n<p>Nous voulons garantir une juste r\u00e9mun\u00e9ration pour les auteurs en promouvant <strong>le respect des droits de propri\u00e9t\u00e9 intellectuelle<\/strong>. Le livre c&rsquo;est aussi l&rsquo;occasion de faire de belles rencontres. Tous les \u00e9v\u00e8nements organis\u00e9s par la maison d&rsquo;\u00e9dition seront accompagn\u00e9s d&rsquo;une prise en charge des frais de l&rsquo;auteur.<\/p>\n<\/div>\n\n\n\n<div class=\"wp-block-column is-layout-flow wp-block-column-is-layout-flow\">\n<h2 class=\"wp-block-heading\">Une relation de confiance<\/h2>\n\n\n\n<p>Nous voulons tisser une <strong>relation de confiance sur le long terme avec les auteurs<\/strong> en les accompagnant, de l&rsquo;\u00e9bauche du projet \u00e0 la rencontre avec les lecteurs, en passant par les ventes et la gestion des droits d&rsquo;auteurs. Nous voulons \u00eatre exemplaires en construisant de vraies relations humaines.<\/p>\n<\/div>\n<\/div>\n\n\n\n<div class=\"wp-block-columns is-layout-flex wp-container-core-columns-is-layout-28f84493 wp-block-columns-is-layout-flex\">\n<div class=\"wp-block-column is-layout-flow wp-block-column-is-layout-flow\">\n<h2 class=\"wp-block-heading\">Un juste pourcentage<\/h2>\n\n\n\n<p class=\"has-medium-font-size\">Le prix d\u2019un livre recouvre de nombreuses r\u00e9alit\u00e9s : \u00e9dition, fabrication, impression, distribution, diffusion, fiscalit\u00e9.<br>Dans cet \u00e9quilibre, nous consid\u00e9rons qu\u2019un auteur ne doit jamais \u00eatre rel\u00e9gu\u00e9 \u00e0 la marge. C\u2019est pourquoi nous pr\u00e9voyons une r\u00e9mun\u00e9ration d\u00e9butant \u00e0 6 %, d\u00e8s les premiers exemplaires vendus, et pouvant atteindre\u00a0<strong>10 % pour les \u0153uvres rencontrant un succ\u00e8s majeur<\/strong>. Ce choix traduit une conviction simple : le travail intellectuel et cr\u00e9atif m\u00e9rite une reconnaissance r\u00e9elle, d\u00e8s l\u2019origine du projet.<\/p>\n<\/div>\n\n\n\n<div class=\"wp-block-column is-layout-flow wp-block-column-is-layout-flow\">\n<h2 class=\"wp-block-heading\">Une \u00e9volution transparente<\/h2>\n\n\n\n<p class=\"has-medium-font-size\">Le succ\u00e8s d\u2019une \u0153uvre se construit dans le temps. Lorsqu\u2019il advient, il doit \u00eatre <strong>partag\u00e9 \u00e9quitablement\u00a0avec l\u2019auteur<\/strong>. Chaque contrat pr\u00e9voit ainsi une \u00e9volution progressive et transparente des droits d\u2019auteur, en fonction des ventes r\u00e9alis\u00e9es. \u00c0 mesure que l\u2019ouvrage trouve son public et franchit des seuils significatifs, la r\u00e9mun\u00e9ration de l\u2019auteur augmente. Aucune opacit\u00e9, aucun calcul r\u00e9troactif obscur : les r\u00e8gles sont claires, lisibles et connues \u00e0 l\u2019avance.<\/p>\n<\/div>\n<\/div>\n","protected":false},"excerpt":{"rendered":"<p>Une relation \u00e9thique Nous voulons garantir une juste r\u00e9mun\u00e9ration pour les auteurs en promouvant le respect des droits de propri\u00e9t\u00e9 intellectuelle. Le livre c&rsquo;est aussi l&rsquo;occasion de faire de belles rencontres. Tous les \u00e9v\u00e8nements organis\u00e9s par la maison d&rsquo;\u00e9dition seront accompagn\u00e9s d&rsquo;une prise en charge des frais de l&rsquo;auteur. Une relation de confiance Nous voulons [&hellip;]<\/p>\n","protected":false},"author":1,"featured_media":661,"parent":0,"menu_order":0,"comment_status":"closed","ping_status":"closed","template":"","meta":{"_editorskit_title_hidden":false,"_editorskit_reading_time":0,"_editorskit_is_block_options_detached":false,"_editorskit_block_options_position":"{}","footnotes":""},"class_list":["post-42","page","type-page","status-publish","has-post-thumbnail","hentry"],"jetpack_sharing_enabled":true,"_links":{"self":[{"href":"https:\/\/www.editionsmerlin.com\/index.php\/wp-json\/wp\/v2\/pages\/42","targetHints":{"allow":["GET"]}}],"collection":[{"href":"https:\/\/www.editionsmerlin.com\/index.php\/wp-json\/wp\/v2\/pages"}],"about":[{"href":"https:\/\/www.editionsmerlin.com\/index.php\/wp-json\/wp\/v2\/types\/page"}],"author":[{"embeddable":true,"href":"https:\/\/www.editionsmerlin.com\/index.php\/wp-json\/wp\/v2\/users\/1"}],"replies":[{"embeddable":true,"href":"https:\/\/www.editionsmerlin.com\/index.php\/wp-json\/wp\/v2\/comments?post=42"}],"version-history":[{"count":5,"href":"https:\/\/www.editionsmerlin.com\/index.php\/wp-json\/wp\/v2\/pages\/42\/revisions"}],"predecessor-version":[{"id":780,"href":"https:\/\/www.editionsmerlin.com\/index.php\/wp-json\/wp\/v2\/pages\/42\/revisions\/780"}],"wp:featuredmedia":[{"embeddable":true,"href":"https:\/\/www.editionsmerlin.com\/index.php\/wp-json\/wp\/v2\/media\/661"}],"wp:attachment":[{"href":"https:\/\/www.editionsmerlin.com\/index.php\/wp-json\/wp\/v2\/media?parent=42"}],"curies":[{"name":"wp","href":"https:\/\/api.w.org\/{rel}","templated":true}]}}