{"id":30,"date":"2023-11-05T11:23:22","date_gmt":"2023-11-05T10:23:22","guid":{"rendered":"https:\/\/hn8qjfy89j.wordpress.com\/?page_id=30"},"modified":"2024-08-23T16:26:42","modified_gmt":"2024-08-23T14:26:42","slug":"une-societe-durable","status":"publish","type":"page","link":"https:\/\/www.editionsmerlin.com\/index.php\/une-societe-durable\/","title":{"rendered":"Une soci\u00e9t\u00e9 durable"},"content":{"rendered":"\n<div class=\"wp-block-columns is-layout-flex wp-container-core-columns-is-layout-28f84493 wp-block-columns-is-layout-flex\">\n<div class=\"wp-block-column is-layout-flow wp-block-column-is-layout-flow\">\n<h2 class=\"wp-block-heading\">Les b\u00e9n\u00e9fices du circuit court<\/h2>\n\n\n\n<p class=\"has-medium-font-size\">C\u00e9l\u00e9brer le pays de la litt\u00e9rature, la main sur le coeur, puis faire fabriquer les livres \u00e0 l&rsquo;\u00e9tranger&#8230; ce n&rsquo;est pas notre philosophie ! Nous ne travaillons qu&rsquo;avec des partenaires nationaux qui partagent notre souci environnementale. <strong>Nos livres<\/strong> <strong>sont<\/strong> <strong>fabriqu\u00e9s en France<\/strong> et nous en sommes fiers. La proximit\u00e9 g\u00e9ographique permet une r\u00e9duction significative de l&rsquo;impact des transports et p\u00e9rennise des emplois locaux.<\/p>\n<\/div>\n\n\n\n<div class=\"wp-block-column is-layout-flow wp-block-column-is-layout-flow\">\n<h2 class=\"wp-block-heading\">Membre du collectif 1% for the planet<\/h2>\n\n\n\n<p class=\"has-medium-font-size\">S\u2019engager pour la cause environnementale est essentiel \u00e0 nos valeurs. Chaque ann\u00e9e, les entreprises membres en France reversent plus de 10 millions aux associations environnementales.\u00a0 Chaque membre s\u2019engage \u00e0 reverser 1% de son chiffre d\u2019affaires annuel aux causes environnementales.<\/p>\n<\/div>\n<\/div>\n\n\n\n<div class=\"wp-block-columns is-layout-flex wp-container-core-columns-is-layout-28f84493 wp-block-columns-is-layout-flex\">\n<div class=\"wp-block-column is-layout-flow wp-block-column-is-layout-flow\" style=\"flex-basis:50%\">\n<div class=\"wp-block-group is-vertical is-layout-flex wp-container-core-group-is-layout-fe9cc265 wp-block-group-is-layout-flex\">\n<h2 class=\"wp-block-heading\">L&rsquo;objectif de neutralit\u00e9 carbone<\/h2>\n\n\n\n<p class=\"has-medium-font-size\">Avec l&rsquo;aide d&rsquo;organismes engag\u00e9s, nous visons la certification <a href=\"https:\/\/www.labellucie.com\/referentiel-lucie-26000\">LUCIE 26000<\/a> pour notre maison d&rsquo;\u00e9dition. Mais nous voulons aller encore plus loin et r\u00e9ussir progressivement \u00e0 vous proposer <strong>un livre neutre en carbone<\/strong>. C&rsquo;est un d\u00e9fi qui nous porte et nous motive.<\/p>\n<\/div>\n<\/div>\n\n\n\n<div class=\"wp-block-column is-layout-flow wp-block-column-is-layout-flow\" style=\"flex-basis:50%\">\n<h2 class=\"wp-block-heading\">Un travail \u00e9lectrique<\/h2>\n\n\n\n<p class=\"has-medium-font-size\">En privil\u00e9giant une <strong>approche d\u00e9centralis\u00e9e et num\u00e9rique <\/strong>de notre organisation, nous pr\u00e9servons la qualit\u00e9 de vie de notre \u00e9quipe tout en limitant notre impact. Nous avons \u00e9galement opt\u00e9 pour le <strong>contrat Pro avec la SNCF<\/strong> en nous engageant \u00e0 utiliser le train pour tous les voyages int\u00e9rieurs.<\/p>\n<\/div>\n<\/div>\n\n\n\n<div class=\"wp-block-columns is-layout-flex wp-container-core-columns-is-layout-28f84493 wp-block-columns-is-layout-flex\">\n<div class=\"wp-block-column is-layout-flow wp-block-column-is-layout-flow\">\n<h2 class=\"wp-block-heading\">Une n\u00e9o-banque<\/h2>\n\n\n\n<p class=\"has-medium-font-size\">En ouvrant un compte bancaire, nous n&rsquo;avions pas envie de d\u00e9couvrir que notre argent permette de financer des \u00e9nergies fossiles. Nous avons donc cherch\u00e9 <strong>une offre en accord avec nos valeurs<\/strong>. On l&rsquo;a trouv\u00e9 avec <a href=\"https:\/\/qonto.com\/fr\">Qonto<\/a> qui n&rsquo;est pas une banque qui joue avec notre argent.<\/p>\n<\/div>\n\n\n\n<div class=\"wp-block-column is-layout-flow wp-block-column-is-layout-flow\">\n<h2 class=\"wp-block-heading\">Le cycle vertueux du papier<\/h2>\n\n\n\n<p>Lorsque vous achetez un de nos livres, vous fa\u00eetes pousser des arbres ! S\u00e9lectionner des fournisseurs et des prestataires respectueux de l&rsquo;environnement, \u00e7a ne suffit pas. Nous avons d\u00e9cider qu&rsquo;<strong>une partie du prix du livre servira \u00e0 planter des arbres<\/strong> pour faire pousser nos futurs livres mais aussi des for\u00eats durables en France et dans le monde.<\/p>\n<\/div>\n<\/div>\n","protected":false},"excerpt":{"rendered":"<p>Les b\u00e9n\u00e9fices du circuit court C\u00e9l\u00e9brer le pays de la litt\u00e9rature, la main sur le coeur, puis faire fabriquer les livres \u00e0 l&rsquo;\u00e9tranger&#8230; ce n&rsquo;est pas notre philosophie ! Nous ne travaillons qu&rsquo;avec des partenaires nationaux qui partagent notre souci environnementale. Nos livres sont fabriqu\u00e9s en France et nous en sommes fiers. La proximit\u00e9 g\u00e9ographique [&hellip;]<\/p>\n","protected":false},"author":1,"featured_media":35,"parent":0,"menu_order":0,"comment_status":"closed","ping_status":"closed","template":"","meta":{"_editorskit_title_hidden":false,"_editorskit_reading_time":0,"_editorskit_is_block_options_detached":false,"_editorskit_block_options_position":"{}","footnotes":""},"class_list":["post-30","page","type-page","status-publish","has-post-thumbnail","hentry"],"jetpack_sharing_enabled":true,"_links":{"self":[{"href":"https:\/\/www.editionsmerlin.com\/index.php\/wp-json\/wp\/v2\/pages\/30","targetHints":{"allow":["GET"]}}],"collection":[{"href":"https:\/\/www.editionsmerlin.com\/index.php\/wp-json\/wp\/v2\/pages"}],"about":[{"href":"https:\/\/www.editionsmerlin.com\/index.php\/wp-json\/wp\/v2\/types\/page"}],"author":[{"embeddable":true,"href":"https:\/\/www.editionsmerlin.com\/index.php\/wp-json\/wp\/v2\/users\/1"}],"replies":[{"embeddable":true,"href":"https:\/\/www.editionsmerlin.com\/index.php\/wp-json\/wp\/v2\/comments?post=30"}],"version-history":[{"count":8,"href":"https:\/\/www.editionsmerlin.com\/index.php\/wp-json\/wp\/v2\/pages\/30\/revisions"}],"predecessor-version":[{"id":655,"href":"https:\/\/www.editionsmerlin.com\/index.php\/wp-json\/wp\/v2\/pages\/30\/revisions\/655"}],"wp:featuredmedia":[{"embeddable":true,"href":"https:\/\/www.editionsmerlin.com\/index.php\/wp-json\/wp\/v2\/media\/35"}],"wp:attachment":[{"href":"https:\/\/www.editionsmerlin.com\/index.php\/wp-json\/wp\/v2\/media?parent=30"}],"curies":[{"name":"wp","href":"https:\/\/api.w.org\/{rel}","templated":true}]}}