{"id":281,"date":"2024-01-09T15:39:40","date_gmt":"2024-01-09T14:39:40","guid":{"rendered":"https:\/\/www.editionsmerlin.com\/?page_id=281"},"modified":"2024-05-17T20:15:10","modified_gmt":"2024-05-17T18:15:10","slug":"soumission-dun-projet","status":"publish","type":"page","link":"https:\/\/www.editionsmerlin.com\/index.php\/soumission-dun-projet\/","title":{"rendered":"Soumission d&rsquo;un projet"},"content":{"rendered":"\n<p class=\"has-text-align-justify\">M\u00eame si les propositions sont nombreuses, nous mettons un point d&rsquo;honneur \u00e0 vous r\u00e9pondre. Comptez un d\u00e9lai de 2 mois (au grand maximum) \u00e0 partir de la date de votre soumission.<\/p>\n\n\n\n<div class=\"wp-block-contact-form-7-contact-form-selector\">\n<div class=\"wpcf7 no-js\" id=\"wpcf7-f295-o1\" lang=\"fr-FR\" dir=\"ltr\" data-wpcf7-id=\"295\">\n<div class=\"screen-reader-response\"><p role=\"status\" aria-live=\"polite\" aria-atomic=\"true\"><\/p> <ul><\/ul><\/div>\n<form action=\"\/index.php\/wp-json\/wp\/v2\/pages\/281#wpcf7-f295-o1\" method=\"post\" class=\"wpcf7-form init\" aria-label=\"Formulaire de contact\" enctype=\"multipart\/form-data\" novalidate=\"novalidate\" data-status=\"init\">\n<fieldset class=\"hidden-fields-container\"><input type=\"hidden\" name=\"_wpcf7\" value=\"295\" \/><input type=\"hidden\" name=\"_wpcf7_version\" value=\"6.1.5\" \/><input type=\"hidden\" name=\"_wpcf7_locale\" value=\"fr_FR\" \/><input type=\"hidden\" name=\"_wpcf7_unit_tag\" value=\"wpcf7-f295-o1\" \/><input type=\"hidden\" name=\"_wpcf7_container_post\" value=\"0\" \/><input type=\"hidden\" name=\"_wpcf7_posted_data_hash\" value=\"\" \/>\n<\/fieldset>\n<p><label> Votre nom<br \/>\n<span class=\"wpcf7-form-control-wrap\" data-name=\"votre-nom\"><input size=\"40\" maxlength=\"400\" class=\"wpcf7-form-control wpcf7-text wpcf7-validates-as-required\" aria-required=\"true\" aria-invalid=\"false\" placeholder=\"Pr\u00e9nom(s) NOM DE FAMILLE\" value=\"\" type=\"text\" name=\"votre-nom\" \/><\/span> <\/label>\n<\/p>\n<p><label> Votre nom d'auteur (facultatif)<br \/>\n<span class=\"wpcf7-form-control-wrap\" data-name=\"Nom-de-plume\"><input size=\"40\" maxlength=\"400\" class=\"wpcf7-form-control wpcf7-text\" aria-invalid=\"false\" placeholder=\"Nom de plume ou pseudonyme\" value=\"\" type=\"text\" name=\"Nom-de-plume\" \/><\/span> <\/label>\n<\/p>\n<p><label> Votre e-mail<br \/>\n<span class=\"wpcf7-form-control-wrap\" data-name=\"votre-email\"><input size=\"40\" maxlength=\"400\" class=\"wpcf7-form-control wpcf7-email wpcf7-validates-as-required wpcf7-text wpcf7-validates-as-email\" autocomplete=\"email\" aria-required=\"true\" aria-invalid=\"false\" value=\"\" type=\"email\" name=\"votre-email\" \/><\/span> <\/label>\n<\/p>\n<p><label> Votre t\u00e9l\u00e9phone<br \/>\n<span class=\"wpcf7-form-control-wrap\" data-name=\"tel\"><input size=\"40\" maxlength=\"400\" class=\"wpcf7-form-control wpcf7-tel wpcf7-validates-as-required wpcf7-text wpcf7-validates-as-tel\" aria-required=\"true\" aria-invalid=\"false\" value=\"\" type=\"tel\" name=\"tel\" \/><\/span> <\/label>\n<\/p>\n<p><label> Votre adresse<br \/>\n<span class=\"wpcf7-form-control-wrap\" data-name=\"adresse\"><input size=\"40\" maxlength=\"400\" class=\"wpcf7-form-control wpcf7-text wpcf7-validates-as-required\" aria-required=\"true\" aria-invalid=\"false\" value=\"\" type=\"text\" name=\"adresse\" \/><\/span> <\/label>\n<\/p>\n<p><label> Votre (petite) biographie<br \/>\n<span class=\"wpcf7-form-control-wrap\" data-name=\"Biographie\"><textarea cols=\"40\" rows=\"10\" maxlength=\"2000\" class=\"wpcf7-form-control wpcf7-textarea wpcf7-validates-as-required\" aria-required=\"true\" aria-invalid=\"false\" placeholder=\"Renseignez des \u00e9l\u00e9ments de votre parcours, qu&#039;il soit atypique ou non, vos publications \u00e9ventuelles, votre \u00e2ge, vos autres projets... Quelques \u00e9l\u00e9ments qui nous permettent de mieux vous connaitre.\" name=\"Biographie\"><\/textarea><\/span> <\/label>\n<\/p>\n<p><label> Le titre de votre projet<br \/>\n<span class=\"wpcf7-form-control-wrap\" data-name=\"titre\"><input size=\"40\" maxlength=\"400\" class=\"wpcf7-form-control wpcf7-text wpcf7-validates-as-required\" aria-required=\"true\" aria-invalid=\"false\" value=\"\" type=\"text\" name=\"titre\" \/><\/span> <\/label>\n<\/p>\n<p><label> L'\u00e9tat d'avancement du projet<br \/>\n<span class=\"wpcf7-form-control-wrap\" data-name=\"Avancement\"><select class=\"wpcf7-form-control wpcf7-select\" aria-invalid=\"false\" name=\"Avancement\"><option value=\"Projet termin\u00e9\">Projet termin\u00e9<\/option><option value=\"Projet en cours\">Projet en cours<\/option><option value=\"\u00c9bauche\">\u00c9bauche<\/option><\/select><\/span> <\/label>\n<\/p>\n<p><label> Le r\u00e9sum\u00e9<br \/>\n<span class=\"wpcf7-form-control-wrap\" data-name=\"Resume\"><textarea cols=\"40\" rows=\"10\" maxlength=\"2000\" class=\"wpcf7-form-control wpcf7-textarea wpcf7-validates-as-required\" aria-required=\"true\" aria-invalid=\"false\" placeholder=\"Merci de vous limiter \u00e0 3000 caract\u00e8res au maximum.\" name=\"Resume\"><\/textarea><\/span> <\/label>\n<\/p>\n<p><label> Le genre<br \/>\n<span class=\"wpcf7-form-control-wrap\" data-name=\"Genre\"><select class=\"wpcf7-form-control wpcf7-select wpcf7-validates-as-required\" aria-required=\"true\" aria-invalid=\"false\" name=\"Genre\"><option value=\"Livre jeunesse\">Livre jeunesse<\/option><option value=\"Fiction\">Fiction<\/option><option value=\"Essai\">Essai<\/option><option value=\"Beau-livre\">Beau-livre<\/option><option value=\"Roman graphique\">Roman graphique<\/option><option value=\"Po\u00e9sie\">Po\u00e9sie<\/option><\/select><\/span> <\/label>\n<\/p>\n<p><label> Le fichier PDF<br \/>\n<span class=\"wpcf7-form-control-wrap\" data-name=\"fichier\"><input size=\"40\" class=\"wpcf7-form-control wpcf7-file wpcf7-validates-as-required\" accept=\".pdf\" aria-required=\"true\" aria-invalid=\"false\" type=\"file\" name=\"fichier\" \/><\/span> <\/label>\n<\/p>\n<p><input class=\"wpcf7-form-control wpcf7-submit has-spinner\" type=\"submit\" value=\"Envoyer\" \/>\n<\/p><div class=\"wpcf7-response-output\" aria-hidden=\"true\"><\/div>\n<\/form>\n<\/div>\n<\/div>\n","protected":false},"excerpt":{"rendered":"<p>M\u00eame si les propositions sont nombreuses, nous mettons un point d&rsquo;honneur \u00e0 vous r\u00e9pondre. Comptez un d\u00e9lai de 2 mois (au grand maximum) \u00e0 partir de la date de votre soumission.<\/p>\n","protected":false},"author":1,"featured_media":0,"parent":0,"menu_order":0,"comment_status":"closed","ping_status":"closed","template":"","meta":{"_editorskit_title_hidden":false,"_editorskit_reading_time":0,"_editorskit_is_block_options_detached":false,"_editorskit_block_options_position":"{}","footnotes":""},"class_list":["post-281","page","type-page","status-publish","hentry"],"jetpack_sharing_enabled":true,"_links":{"self":[{"href":"https:\/\/www.editionsmerlin.com\/index.php\/wp-json\/wp\/v2\/pages\/281","targetHints":{"allow":["GET"]}}],"collection":[{"href":"https:\/\/www.editionsmerlin.com\/index.php\/wp-json\/wp\/v2\/pages"}],"about":[{"href":"https:\/\/www.editionsmerlin.com\/index.php\/wp-json\/wp\/v2\/types\/page"}],"author":[{"embeddable":true,"href":"https:\/\/www.editionsmerlin.com\/index.php\/wp-json\/wp\/v2\/users\/1"}],"replies":[{"embeddable":true,"href":"https:\/\/www.editionsmerlin.com\/index.php\/wp-json\/wp\/v2\/comments?post=281"}],"version-history":[{"count":7,"href":"https:\/\/www.editionsmerlin.com\/index.php\/wp-json\/wp\/v2\/pages\/281\/revisions"}],"predecessor-version":[{"id":587,"href":"https:\/\/www.editionsmerlin.com\/index.php\/wp-json\/wp\/v2\/pages\/281\/revisions\/587"}],"wp:attachment":[{"href":"https:\/\/www.editionsmerlin.com\/index.php\/wp-json\/wp\/v2\/media?parent=281"}],"curies":[{"name":"wp","href":"https:\/\/api.w.org\/{rel}","templated":true}]}}