{"id":216,"date":"2024-01-25T23:51:49","date_gmt":"2024-01-25T22:51:49","guid":{"rendered":"https:\/\/hn8qjfy89j.wordpress.com\/?page_id=216"},"modified":"2024-02-08T18:26:36","modified_gmt":"2024-02-08T17:26:36","slug":"notre-logo","status":"publish","type":"page","link":"https:\/\/www.editionsmerlin.com\/index.php\/notre-logo\/","title":{"rendered":"Notre logo"},"content":{"rendered":"\n<figure class=\"wp-block-image aligncenter size-full is-resized\"><img loading=\"lazy\" decoding=\"async\" width=\"598\" height=\"664\" src=\"https:\/\/www.editionsmerlin.com\/wp-content\/uploads\/2023\/10\/mon-blason-2.png\" alt=\"\" class=\"wp-image-11\" style=\"width:264px;height:auto\" srcset=\"https:\/\/www.editionsmerlin.com\/wp-content\/uploads\/2023\/10\/mon-blason-2.png 598w, https:\/\/www.editionsmerlin.com\/wp-content\/uploads\/2023\/10\/mon-blason-2-270x300.png 270w\" sizes=\"auto, (max-width: 598px) 100vw, 598px\" \/><\/figure>\n\n\n\n<p class=\"has-text-align-justify\">Notre logo est le fruit d&rsquo;une profonde r\u00e9flexion sur les valeurs que nous voulons partager. Il constitue une repr\u00e9sentation visuelle de notre identit\u00e9, offrant une premi\u00e8re immersion dans l&rsquo;univers de nos publications. Le choix du blason s&rsquo;est impos\u00e9 naturellement. Bien plus qu&rsquo;un symbole h\u00e9raldique ; il incarne l&rsquo;apprentissage, le partage, l&rsquo;h\u00e9ritage et l&rsquo;ambition&#8230; finalement la litt\u00e9rature, riche d&rsquo;une histoire sans fin.<br><\/p>\n\n\n\n<p class=\"has-text-align-justify\">Chaque \u00e9l\u00e9ment a \u00e9t\u00e9 soigneusement choisi pour refl\u00e9ter qui nous sommes. La licorne, embl\u00e8me de f\u00e9erie, incarne le r\u00eave, l&rsquo;imagination et la cr\u00e9ativit\u00e9, des valeurs fondamentales que nous mettons au centre de notre m\u00e9tier. Le ch\u00eane symbolise la force, la p\u00e9rennit\u00e9 et la nature \u00e0 laquelle nous apportons une grande importance. C&rsquo;est aussi un symbole de justice, clin d&rsquo;\u0153il au parcours des fondateurs, issus du monde du Droit. La couronne \u00e9voque l&rsquo;excellence, l&rsquo;enseignement et la r\u00e9ussite que nous visons dans chaque ouvrage que nous publions. Enfin, le bl\u00e9 c&rsquo;est la culture au sens litt\u00e9ral, l&rsquo;abondance et le partage des connaissances.<\/p>\n\n\n\n<p class=\"has-text-align-justify\">Entre le rouge de la passion, de la bravoure, de l&rsquo;amour et le bleu de la sagesse, de la temp\u00e9rance, de la raison se tient une \u00e9p\u00e9e, v\u00e9ritable juge de paix. Garante de l&rsquo;\u00e9quilibre, elle symbolise notre ambition in\u00e9branlable pour d\u00e9couvrir de nouveaux talents, les d\u00e9fendre et les emmener vers les sommets.<\/p>\n","protected":false},"excerpt":{"rendered":"<p>Notre logo est le fruit d&rsquo;une profonde r\u00e9flexion sur les valeurs que nous voulons partager. Il constitue une repr\u00e9sentation visuelle de notre identit\u00e9, offrant une premi\u00e8re immersion dans l&rsquo;univers de nos publications. Le choix du blason s&rsquo;est impos\u00e9 naturellement. Bien plus qu&rsquo;un symbole h\u00e9raldique ; il incarne l&rsquo;apprentissage, le partage, l&rsquo;h\u00e9ritage et l&rsquo;ambition&#8230; finalement la [&hellip;]<\/p>\n","protected":false},"author":1,"featured_media":0,"parent":0,"menu_order":0,"comment_status":"closed","ping_status":"closed","template":"","meta":{"_editorskit_title_hidden":false,"_editorskit_reading_time":0,"_editorskit_is_block_options_detached":false,"_editorskit_block_options_position":"{}","footnotes":""},"class_list":["post-216","page","type-page","status-publish","hentry"],"jetpack_sharing_enabled":true,"_links":{"self":[{"href":"https:\/\/www.editionsmerlin.com\/index.php\/wp-json\/wp\/v2\/pages\/216","targetHints":{"allow":["GET"]}}],"collection":[{"href":"https:\/\/www.editionsmerlin.com\/index.php\/wp-json\/wp\/v2\/pages"}],"about":[{"href":"https:\/\/www.editionsmerlin.com\/index.php\/wp-json\/wp\/v2\/types\/page"}],"author":[{"embeddable":true,"href":"https:\/\/www.editionsmerlin.com\/index.php\/wp-json\/wp\/v2\/users\/1"}],"replies":[{"embeddable":true,"href":"https:\/\/www.editionsmerlin.com\/index.php\/wp-json\/wp\/v2\/comments?post=216"}],"version-history":[{"count":3,"href":"https:\/\/www.editionsmerlin.com\/index.php\/wp-json\/wp\/v2\/pages\/216\/revisions"}],"predecessor-version":[{"id":432,"href":"https:\/\/www.editionsmerlin.com\/index.php\/wp-json\/wp\/v2\/pages\/216\/revisions\/432"}],"wp:attachment":[{"href":"https:\/\/www.editionsmerlin.com\/index.php\/wp-json\/wp\/v2\/media?parent=216"}],"curies":[{"name":"wp","href":"https:\/\/api.w.org\/{rel}","templated":true}]}}