{"id":151,"date":"2023-11-05T11:35:25","date_gmt":"2023-11-05T10:35:25","guid":{"rendered":"https:\/\/hn8qjfy89j.wordpress.com\/?page_id=151"},"modified":"2024-02-08T18:31:00","modified_gmt":"2024-02-08T17:31:00","slug":"appel-a-projet","status":"publish","type":"page","link":"https:\/\/www.editionsmerlin.com\/index.php\/appel-a-projet\/","title":{"rendered":"Appel \u00e0 projets"},"content":{"rendered":"\n<div class=\"wp-block-columns is-layout-flex wp-container-core-columns-is-layout-28f84493 wp-block-columns-is-layout-flex\">\n<div class=\"wp-block-column is-layout-flow wp-block-column-is-layout-flow\" style=\"flex-basis:66.66%\">\n<p>Description d\u00e9taill\u00e9e de l&rsquo;appel n\u00b0 1&nbsp;:<\/p>\n\n\n\n<p><strong>Histoire illustr\u00e9e<\/strong><\/p>\n\n\n\n<p class=\"has-text-align-justify\">Nous faisons un appel \u00e0 projets pr\u00e9cis pour enrichir notre offre de litt\u00e9rature jeunesse. Nous sommes \u00e0 la recherche de projets illustr\u00e9s avec un nombre de pages raisonnable par rapport au jeune public vis\u00e9. Nous souhaitons privil\u00e9gier les histoires originales avec une patte graphique riche.<\/p>\n\n\n\n<p>Nous acceptons&nbsp;:<\/p>\n\n\n\n<ul class=\"wp-block-list\">\n<li><strong>Texte + dessins termin\u00e9s<\/strong>&nbsp;: Les projets finalis\u00e9s (texte et dessins) pr\u00eats pour les ultimes retouches, la construction du livre et de sa mise en page finale. Un contrat de droit d&rsquo;auteur classique vous sera alors propos\u00e9 avec un accompagnement dans la phase cruciale de la diffusion.<\/li>\n\n\n\n<li><strong>Texte + dessins en cours<\/strong>&nbsp;: Les projets en cours de cr\u00e9ation. Le texte doit \u00eatre consid\u00e9r\u00e9 comme termin\u00e9 et des croquis ainsi que des recherches pr\u00e9paratoires doivent \u00eatre joints au dossier de candidature.<\/li>\n\n\n\n<li><strong>Texte<\/strong>&nbsp;: Les textes seuls sont aussi les bienvenus. L&rsquo;histoire doit alors \u00eatre termin\u00e9e pour pouvoir rentrer dans la phase de relecture et de dialogue avec notre maison. Une proposition de mise en relation avec un illustrateur en phase avec votre travail sera effectu\u00e9e. Nous ferons alors le lien pour finaliser le projet avec un partage \u00e9quitable des droits entre auteur(s) et illustrateur.<\/li>\n<\/ul>\n<\/div>\n\n\n\n<div class=\"wp-block-column is-layout-flow wp-block-column-is-layout-flow\" style=\"flex-basis:33.33%\">\n<p><em>Date de publication estim\u00e9e&nbsp;:<\/em><\/p>\n\n\n\n<p><em>Automne 2024<\/em><\/p>\n\n\n\n<p><em>Contrat :<\/em><\/p>\n\n\n\n<p><em>Droit d&rsquo;auteur + avance si le projet est encore en cours de cr\u00e9ation<\/em><\/p>\n\n\n\n<p><em>Acceptation large des projets :<\/em><\/p>\n\n\n\n<p><em>D\u00e9j\u00e0 termin\u00e9, selon vous, ou en cours de cr\u00e9ation&nbsp;<\/em><\/p>\n<\/div>\n<\/div>\n","protected":false},"excerpt":{"rendered":"<p>Description d\u00e9taill\u00e9e de l&rsquo;appel n\u00b0 1&nbsp;: Histoire illustr\u00e9e Nous faisons un appel \u00e0 projets pr\u00e9cis pour enrichir notre offre de litt\u00e9rature jeunesse. Nous sommes \u00e0 la recherche de projets illustr\u00e9s avec un nombre de pages raisonnable par rapport au jeune public vis\u00e9. Nous souhaitons privil\u00e9gier les histoires originales avec une patte graphique riche. Nous acceptons&nbsp;: [&hellip;]<\/p>\n","protected":false},"author":1,"featured_media":154,"parent":0,"menu_order":0,"comment_status":"closed","ping_status":"closed","template":"","meta":{"_editorskit_title_hidden":false,"_editorskit_reading_time":0,"_editorskit_is_block_options_detached":false,"_editorskit_block_options_position":"{}","footnotes":""},"class_list":["post-151","page","type-page","status-publish","has-post-thumbnail","hentry"],"jetpack_sharing_enabled":true,"_links":{"self":[{"href":"https:\/\/www.editionsmerlin.com\/index.php\/wp-json\/wp\/v2\/pages\/151","targetHints":{"allow":["GET"]}}],"collection":[{"href":"https:\/\/www.editionsmerlin.com\/index.php\/wp-json\/wp\/v2\/pages"}],"about":[{"href":"https:\/\/www.editionsmerlin.com\/index.php\/wp-json\/wp\/v2\/types\/page"}],"author":[{"embeddable":true,"href":"https:\/\/www.editionsmerlin.com\/index.php\/wp-json\/wp\/v2\/users\/1"}],"replies":[{"embeddable":true,"href":"https:\/\/www.editionsmerlin.com\/index.php\/wp-json\/wp\/v2\/comments?post=151"}],"version-history":[{"count":4,"href":"https:\/\/www.editionsmerlin.com\/index.php\/wp-json\/wp\/v2\/pages\/151\/revisions"}],"predecessor-version":[{"id":437,"href":"https:\/\/www.editionsmerlin.com\/index.php\/wp-json\/wp\/v2\/pages\/151\/revisions\/437"}],"wp:featuredmedia":[{"embeddable":true,"href":"https:\/\/www.editionsmerlin.com\/index.php\/wp-json\/wp\/v2\/media\/154"}],"wp:attachment":[{"href":"https:\/\/www.editionsmerlin.com\/index.php\/wp-json\/wp\/v2\/media?parent=151"}],"curies":[{"name":"wp","href":"https:\/\/api.w.org\/{rel}","templated":true}]}}